{"id":4116,"date":"2025-02-10T15:23:36","date_gmt":"2025-02-10T15:23:36","guid":{"rendered":"https:\/\/origincoffeehn.com\/?page_id=4116"},"modified":"2026-01-09T14:32:53","modified_gmt":"2026-01-09T14:32:53","slug":"elementor-formulario-inscripcion-cmo","status":"publish","type":"page","link":"https:\/\/origincoffeehn.com\/en\/elementor-formulario-inscripcion-cmo\/","title":{"rendered":"Cupping Master Origin"},"content":{"rendered":"<div data-elementor-type=\"wp-page\" data-elementor-id=\"4116\" class=\"elementor elementor-4116\" data-elementor-post-type=\"page\">\n\t\t\t\t<div class=\"elementor-element elementor-element-2796886 e-flex e-con-boxed e-con e-parent\" data-id=\"2796886\" data-element_type=\"container\" data-settings=\"{&quot;background_background&quot;:&quot;classic&quot;}\">\n\t\t\t\t\t<div class=\"e-con-inner\">\n\t\t\t\t<div class=\"elementor-element elementor-element-5511485 elementor-widget elementor-widget-spacer\" data-id=\"5511485\" data-element_type=\"widget\" data-widget_type=\"spacer.default\">\n\t\t\t\t<div class=\"elementor-widget-container\">\n\t\t\t\t\t\t\t<div class=\"elementor-spacer\">\n\t\t\t<div class=\"elementor-spacer-inner\"><\/div>\n\t\t<\/div>\n\t\t\t\t\t\t<\/div>\n\t\t\t\t<\/div>\n\t\t\t\t<div class=\"elementor-element elementor-element-e2177b2 elementor-widget elementor-widget-heading\" data-id=\"e2177b2\" data-element_type=\"widget\" data-widget_type=\"heading.default\">\n\t\t\t\t<div class=\"elementor-widget-container\">\n\t\t\t\t\t<h2 class=\"elementor-heading-title elementor-size-default\"> Subasta de Muestras de Caf\u00e9 -PROCESOS<\/h2>\t\t\t\t<\/div>\n\t\t\t\t<\/div>\n\t\t\t\t<div class=\"elementor-element elementor-element-226a8b2 elementor-widget elementor-widget-spacer\" data-id=\"226a8b2\" data-element_type=\"widget\" data-widget_type=\"spacer.default\">\n\t\t\t\t<div class=\"elementor-widget-container\">\n\t\t\t\t\t\t\t<div class=\"elementor-spacer\">\n\t\t\t<div class=\"elementor-spacer-inner\"><\/div>\n\t\t<\/div>\n\t\t\t\t\t\t<\/div>\n\t\t\t\t<\/div>\n\t\t\t\t<div class=\"elementor-element elementor-element-7c70fa8 elementor-widget elementor-widget-spacer\" data-id=\"7c70fa8\" data-element_type=\"widget\" data-widget_type=\"spacer.default\">\n\t\t\t\t<div class=\"elementor-widget-container\">\n\t\t\t\t\t\t\t<div class=\"elementor-spacer\">\n\t\t\t<div class=\"elementor-spacer-inner\"><\/div>\n\t\t<\/div>\n\t\t\t\t\t\t<\/div>\n\t\t\t\t<\/div>\n\t\t\t\t<div class=\"elementor-element elementor-element-d27fadf elementor-widget elementor-widget-spacer\" data-id=\"d27fadf\" data-element_type=\"widget\" data-widget_type=\"spacer.default\">\n\t\t\t\t<div class=\"elementor-widget-container\">\n\t\t\t\t\t\t\t<div class=\"elementor-spacer\">\n\t\t\t<div class=\"elementor-spacer-inner\"><\/div>\n\t\t<\/div>\n\t\t\t\t\t\t<\/div>\n\t\t\t\t<\/div>\n\t\t\t\t\t<\/div>\n\t\t\t\t<\/div>\n\t\t<div class=\"elementor-element elementor-element-a189395 e-flex e-con-boxed e-con e-parent\" data-id=\"a189395\" data-element_type=\"container\">\n\t\t\t\t\t<div class=\"e-con-inner\">\n\t\t<div class=\"elementor-element elementor-element-344a671 e-con-full e-flex e-con e-child\" data-id=\"344a671\" data-element_type=\"container\">\n\t\t\t\t<div class=\"elementor-element elementor-element-6cd33ef elementor-widget elementor-widget-spacer\" data-id=\"6cd33ef\" data-element_type=\"widget\" data-widget_type=\"spacer.default\">\n\t\t\t\t<div class=\"elementor-widget-container\">\n\t\t\t\t\t\t\t<div class=\"elementor-spacer\">\n\t\t\t<div class=\"elementor-spacer-inner\"><\/div>\n\t\t<\/div>\n\t\t\t\t\t\t<\/div>\n\t\t\t\t<\/div>\n\t\t\t\t<div class=\"elementor-element elementor-element-0631653 elementor-widget elementor-widget-text-editor\" data-id=\"0631653\" data-element_type=\"widget\" data-widget_type=\"text-editor.default\">\n\t\t\t\t<div class=\"elementor-widget-container\">\n\t\t\t\t\t\t\t\t\t<p>Como parte del Honduras Origin Coffee Fest 2026, se realizar\u00e1 la Subasta de Muestras de Caf\u00e9, una experiencia exclusiva que destacar\u00e1 la diversidad y calidad del caf\u00e9 hondure\u00f1o. En alianza con Heifer International, se presentar\u00e1n muestras de caf\u00e9s de distintos procesos: Naturales, Honey, Lavados y Anaer\u00f3bicos, preparadas cuidadosamente desde el origen. Esta actividad est\u00e1 dirigida a cafeter\u00edas y tostadores de Honduras, ofreciendo acceso a caf\u00e9s \u00fanicos, conexi\u00f3n directa con productores y la oportunidad de fortalecer el mercado local del caf\u00e9 de especialidad, estas muestras adem\u00e1s estar\u00e1n disponibles en las rondas de cataci\u00f3n de nuestros compradores internacionales.<\/p><p>\u00a0<\/p><p>Durante esta experiencia, se realizar\u00e1 la preparaci\u00f3n de diferentes muestras de caf\u00e9 elaboradas bajo distintos procesos, incluyendo Naturales, Honey, Lavados y Anaer\u00f3bicos, permitiendo apreciar c\u00f3mo cada m\u00e9todo influye en los aromas, sabores y perfiles en taza.<br \/>Este show ofrecer\u00e1 a los asistentes una demostraci\u00f3n din\u00e1mica y educativa, donde el caf\u00e9 se convierte en protagonista, invitando a explorar sensorialmente las caracter\u00edsticas \u00fanicas de cada proceso y fortaleciendo la conexi\u00f3n entre el origen, el proceso y la experiencia final en taza.<\/p>\t\t\t\t\t\t\t\t<\/div>\n\t\t\t\t<\/div>\n\t\t\t\t<div class=\"elementor-element elementor-element-05ea918 elementor-widget elementor-widget-spacer\" data-id=\"05ea918\" data-element_type=\"widget\" data-widget_type=\"spacer.default\">\n\t\t\t\t<div class=\"elementor-widget-container\">\n\t\t\t\t\t\t\t<div class=\"elementor-spacer\">\n\t\t\t<div class=\"elementor-spacer-inner\"><\/div>\n\t\t<\/div>\n\t\t\t\t\t\t<\/div>\n\t\t\t\t<\/div>\n\t\t\t\t<\/div>\n\t\t\t\t\t<\/div>\n\t\t\t\t<\/div>\n\t\t\t\t<\/div>","protected":false},"excerpt":{"rendered":"<p>Subasta de Muestras de Caf\u00e9 -PROCESOS Como parte del Honduras Origin Coffee Fest 2026, se realizar\u00e1 la Subasta de Muestras de Caf\u00e9, una experiencia exclusiva que destacar\u00e1 la diversidad y calidad del caf\u00e9 hondure\u00f1o. En alianza con Heifer International, se presentar\u00e1n muestras de caf\u00e9s de distintos procesos: Naturales, Honey, Lavados y Anaer\u00f3bicos, preparadas cuidadosamente desde [&hellip;]<\/p>","protected":false},"author":1,"featured_media":0,"parent":0,"menu_order":0,"comment_status":"closed","ping_status":"closed","template":"","meta":{"om_disable_all_campaigns":false,"_uag_custom_page_level_css":"","_monsterinsights_skip_tracking":false,"_monsterinsights_sitenote_active":false,"_monsterinsights_sitenote_note":"","_monsterinsights_sitenote_category":0,"site-sidebar-layout":"no-sidebar","site-content-layout":"page-builder","ast-site-content-layout":"full-width-container","site-content-style":"default","site-sidebar-style":"default","ast-global-header-display":"","ast-banner-title-visibility":"","ast-main-header-display":"","ast-hfb-above-header-display":"","ast-hfb-below-header-display":"","ast-hfb-mobile-header-display":"","site-post-title":"disabled","ast-breadcrumbs-content":"","ast-featured-img":"disabled","footer-sml-layout":"","theme-transparent-header-meta":"","adv-header-id-meta":"","stick-header-meta":"","header-above-stick-meta":"","header-main-stick-meta":"","header-below-stick-meta":"","astra-migrate-meta-layouts":"set","ast-page-background-enabled":"default","ast-page-background-meta":{"desktop":{"background-color":"var(--ast-global-color-4)","background-image":"","background-repeat":"repeat","background-position":"center center","background-size":"auto","background-attachment":"scroll","background-type":"","background-media":"","overlay-type":"","overlay-color":"","overlay-opacity":"","overlay-gradient":""},"tablet":{"background-color":"","background-image":"","background-repeat":"repeat","background-position":"center center","background-size":"auto","background-attachment":"scroll","background-type":"","background-media":"","overlay-type":"","overlay-color":"","overlay-opacity":"","overlay-gradient":""},"mobile":{"background-color":"","background-image":"","background-repeat":"repeat","background-position":"center center","background-size":"auto","background-attachment":"scroll","background-type":"","background-media":"","overlay-type":"","overlay-color":"","overlay-opacity":"","overlay-gradient":""}},"ast-content-background-meta":{"desktop":{"background-color":"var(--ast-global-color-5)","background-image":"","background-repeat":"repeat","background-position":"center center","background-size":"auto","background-attachment":"scroll","background-type":"","background-media":"","overlay-type":"","overlay-color":"","overlay-opacity":"","overlay-gradient":""},"tablet":{"background-color":"var(--ast-global-color-5)","background-image":"","background-repeat":"repeat","background-position":"center center","background-size":"auto","background-attachment":"scroll","background-type":"","background-media":"","overlay-type":"","overlay-color":"","overlay-opacity":"","overlay-gradient":""},"mobile":{"background-color":"var(--ast-global-color-5)","background-image":"","background-repeat":"repeat","background-position":"center center","background-size":"auto","background-attachment":"scroll","background-type":"","background-media":"","overlay-type":"","overlay-color":"","overlay-opacity":"","overlay-gradient":""}},"footnotes":""},"class_list":["post-4116","page","type-page","status-publish","hentry"],"aioseo_notices":[],"uagb_featured_image_src":{"full":false,"thumbnail":false,"medium":false,"medium_large":false,"large":false,"1536x1536":false,"2048x2048":false,"trp-custom-language-flag":false,"woocommerce_thumbnail":false,"woocommerce_single":false,"woocommerce_gallery_thumbnail":false},"uagb_author_info":{"display_name":"irvindavidmarquz@gmail.com","author_link":"https:\/\/origincoffeehn.com\/en\/author\/irvindavidmarquzgmail-com\/"},"uagb_comment_info":0,"uagb_excerpt":"Subasta de Muestras de Caf\u00e9 -PROCESOS Como parte del Honduras Origin Coffee Fest 2026, se realizar\u00e1 la Subasta de Muestras de Caf\u00e9, una experiencia exclusiva que destacar\u00e1 la diversidad y calidad del caf\u00e9 hondure\u00f1o. En alianza con Heifer International, se presentar\u00e1n muestras de caf\u00e9s de distintos procesos: Naturales, Honey, Lavados y Anaer\u00f3bicos, preparadas cuidadosamente desde&hellip;","_links":{"self":[{"href":"https:\/\/origincoffeehn.com\/en\/wp-json\/wp\/v2\/pages\/4116","targetHints":{"allow":["GET"]}}],"collection":[{"href":"https:\/\/origincoffeehn.com\/en\/wp-json\/wp\/v2\/pages"}],"about":[{"href":"https:\/\/origincoffeehn.com\/en\/wp-json\/wp\/v2\/types\/page"}],"author":[{"embeddable":true,"href":"https:\/\/origincoffeehn.com\/en\/wp-json\/wp\/v2\/users\/1"}],"replies":[{"embeddable":true,"href":"https:\/\/origincoffeehn.com\/en\/wp-json\/wp\/v2\/comments?post=4116"}],"version-history":[{"count":23,"href":"https:\/\/origincoffeehn.com\/en\/wp-json\/wp\/v2\/pages\/4116\/revisions"}],"predecessor-version":[{"id":4893,"href":"https:\/\/origincoffeehn.com\/en\/wp-json\/wp\/v2\/pages\/4116\/revisions\/4893"}],"wp:attachment":[{"href":"https:\/\/origincoffeehn.com\/en\/wp-json\/wp\/v2\/media?parent=4116"}],"curies":[{"name":"wp","href":"https:\/\/api.w.org\/{rel}","templated":true}]}}