{"id":3996,"date":"2025-01-27T20:55:40","date_gmt":"2025-01-27T20:55:40","guid":{"rendered":"https:\/\/origincoffeehn.com\/?page_id=3996"},"modified":"2025-01-27T21:12:07","modified_gmt":"2025-01-27T21:12:07","slug":"campeon-italiano-brewers-cup-sca","status":"publish","type":"page","link":"https:\/\/origincoffeehn.com\/en\/campeon-italiano-brewers-cup-sca\/","title":{"rendered":"Campe\u00f3n Italiano Brewers Cup\u00a0SCA"},"content":{"rendered":"<div data-elementor-type=\"wp-page\" data-elementor-id=\"3996\" class=\"elementor elementor-3996\" data-elementor-post-type=\"page\">\n\t\t\t\t<div class=\"elementor-element elementor-element-3f72f4e e-flex e-con-boxed e-con e-parent\" data-id=\"3f72f4e\" data-element_type=\"container\" data-settings=\"{&quot;background_background&quot;:&quot;classic&quot;}\">\n\t\t\t\t\t<div class=\"e-con-inner\">\n\t\t\t\t<div class=\"elementor-element elementor-element-9b7fc29 elementor-widget elementor-widget-spacer\" data-id=\"9b7fc29\" data-element_type=\"widget\" data-widget_type=\"spacer.default\">\n\t\t\t\t<div class=\"elementor-widget-container\">\n\t\t\t\t\t\t\t<div class=\"elementor-spacer\">\n\t\t\t<div class=\"elementor-spacer-inner\"><\/div>\n\t\t<\/div>\n\t\t\t\t\t\t<\/div>\n\t\t\t\t<\/div>\n\t\t\t\t<div class=\"elementor-element elementor-element-4f1235d elementor-widget elementor-widget-heading\" data-id=\"4f1235d\" data-element_type=\"widget\" data-widget_type=\"heading.default\">\n\t\t\t\t<div class=\"elementor-widget-container\">\n\t\t\t\t\t<h2 class=\"elementor-heading-title elementor-size-default\">CAMPE\u00d3N ITALIANO BREWERS CUP SCA ESTAR\u00c1 EN EL HONDURAS ORIGIN COFFEE FEST 2025<\/h2>\t\t\t\t<\/div>\n\t\t\t\t<\/div>\n\t\t\t\t<div class=\"elementor-element elementor-element-ca2eb83 elementor-widget elementor-widget-spacer\" data-id=\"ca2eb83\" data-element_type=\"widget\" data-widget_type=\"spacer.default\">\n\t\t\t\t<div class=\"elementor-widget-container\">\n\t\t\t\t\t\t\t<div class=\"elementor-spacer\">\n\t\t\t<div class=\"elementor-spacer-inner\"><\/div>\n\t\t<\/div>\n\t\t\t\t\t\t<\/div>\n\t\t\t\t<\/div>\n\t\t\t\t\t<\/div>\n\t\t\t\t<\/div>\n\t\t<div class=\"elementor-element elementor-element-90ff402 e-flex e-con-boxed e-con e-parent\" data-id=\"90ff402\" data-element_type=\"container\" data-settings=\"{&quot;background_background&quot;:&quot;classic&quot;}\">\n\t\t\t\t\t<div class=\"e-con-inner\">\n\t\t<div class=\"elementor-element elementor-element-b7c51b4 e-con-full e-flex e-con e-child\" data-id=\"b7c51b4\" data-element_type=\"container\">\n\t\t\t\t<div class=\"elementor-element elementor-element-dff4881 elementor-widget elementor-widget-spacer\" data-id=\"dff4881\" data-element_type=\"widget\" data-widget_type=\"spacer.default\">\n\t\t\t\t<div class=\"elementor-widget-container\">\n\t\t\t\t\t\t\t<div class=\"elementor-spacer\">\n\t\t\t<div class=\"elementor-spacer-inner\"><\/div>\n\t\t<\/div>\n\t\t\t\t\t\t<\/div>\n\t\t\t\t<\/div>\n\t\t\t\t<div class=\"elementor-element elementor-element-d90e64f elementor-widget elementor-widget-image\" data-id=\"d90e64f\" data-element_type=\"widget\" data-widget_type=\"image.default\">\n\t\t\t\t<div class=\"elementor-widget-container\">\n\t\t\t\t\t\t\t\t\t\t\t\t\t\t\t<img fetchpriority=\"high\" decoding=\"async\" width=\"1024\" height=\"672\" src=\"https:\/\/origincoffeehn.com\/wp-content\/uploads\/2025\/01\/Imagen-de-WhatsApp-2025-01-27-a-las-14.20.32_667f6b8e1212-1024x672.jpg\" class=\"attachment-large size-large wp-image-4016\" alt=\"\" srcset=\"https:\/\/origincoffeehn.com\/wp-content\/uploads\/2025\/01\/Imagen-de-WhatsApp-2025-01-27-a-las-14.20.32_667f6b8e1212-1024x672.jpg 1024w, https:\/\/origincoffeehn.com\/wp-content\/uploads\/2025\/01\/Imagen-de-WhatsApp-2025-01-27-a-las-14.20.32_667f6b8e1212-300x197.jpg 300w, https:\/\/origincoffeehn.com\/wp-content\/uploads\/2025\/01\/Imagen-de-WhatsApp-2025-01-27-a-las-14.20.32_667f6b8e1212-768x504.jpg 768w, https:\/\/origincoffeehn.com\/wp-content\/uploads\/2025\/01\/Imagen-de-WhatsApp-2025-01-27-a-las-14.20.32_667f6b8e1212-18x12.jpg 18w, https:\/\/origincoffeehn.com\/wp-content\/uploads\/2025\/01\/Imagen-de-WhatsApp-2025-01-27-a-las-14.20.32_667f6b8e1212.jpg 1200w\" sizes=\"(max-width: 1024px) 100vw, 1024px\" \/>\t\t\t\t\t\t\t\t\t\t\t\t\t\t\t<\/div>\n\t\t\t\t<\/div>\n\t\t\t\t<div class=\"elementor-element elementor-element-52a480a elementor-widget elementor-widget-spacer\" data-id=\"52a480a\" data-element_type=\"widget\" data-widget_type=\"spacer.default\">\n\t\t\t\t<div class=\"elementor-widget-container\">\n\t\t\t\t\t\t\t<div class=\"elementor-spacer\">\n\t\t\t<div class=\"elementor-spacer-inner\"><\/div>\n\t\t<\/div>\n\t\t\t\t\t\t<\/div>\n\t\t\t\t<\/div>\n\t\t\t\t<\/div>\n\t\t\t\t<div class=\"elementor-element elementor-element-10cfc45 elementor-widget elementor-widget-spacer\" data-id=\"10cfc45\" data-element_type=\"widget\" data-widget_type=\"spacer.default\">\n\t\t\t\t<div class=\"elementor-widget-container\">\n\t\t\t\t\t\t\t<div class=\"elementor-spacer\">\n\t\t\t<div class=\"elementor-spacer-inner\"><\/div>\n\t\t<\/div>\n\t\t\t\t\t\t<\/div>\n\t\t\t\t<\/div>\n\t\t<div class=\"elementor-element elementor-element-5da81cf e-con-full e-flex e-con e-child\" data-id=\"5da81cf\" data-element_type=\"container\">\n\t\t\t\t<div class=\"elementor-element elementor-element-ce2770b elementor-widget elementor-widget-spacer\" data-id=\"ce2770b\" data-element_type=\"widget\" data-widget_type=\"spacer.default\">\n\t\t\t\t<div class=\"elementor-widget-container\">\n\t\t\t\t\t\t\t<div class=\"elementor-spacer\">\n\t\t\t<div class=\"elementor-spacer-inner\"><\/div>\n\t\t<\/div>\n\t\t\t\t\t\t<\/div>\n\t\t\t\t<\/div>\n\t\t\t\t<div class=\"elementor-element elementor-element-e67de1b elementor-widget elementor-widget-text-editor\" data-id=\"e67de1b\" data-element_type=\"widget\" data-widget_type=\"text-editor.default\">\n\t\t\t\t<div class=\"elementor-widget-container\">\n\t\t\t\t\t\t\t\t\t<p>Soy <strong>Andrea Battacchi,<\/strong> un joven de 27 a\u00f1os originario de Florencia, Italia. Mi pasi\u00f3n por el caf\u00e9 specialty comenz\u00f3 a los 17 a\u00f1os como consumidor, especialmente del caf\u00e9 de filtro.<\/p>\t\t\t\t\t\t\t\t<\/div>\n\t\t\t\t<\/div>\n\t\t\t\t<div class=\"elementor-element elementor-element-35d2f4f elementor-widget elementor-widget-spacer\" data-id=\"35d2f4f\" data-element_type=\"widget\" data-widget_type=\"spacer.default\">\n\t\t\t\t<div class=\"elementor-widget-container\">\n\t\t\t\t\t\t\t<div class=\"elementor-spacer\">\n\t\t\t<div class=\"elementor-spacer-inner\"><\/div>\n\t\t<\/div>\n\t\t\t\t\t\t<\/div>\n\t\t\t\t<\/div>\n\t\t\t\t<\/div>\n\t\t\t\t\t<\/div>\n\t\t\t\t<\/div>\n\t\t<div class=\"elementor-element elementor-element-89b356d e-flex e-con-boxed e-con e-parent\" data-id=\"89b356d\" data-element_type=\"container\" data-settings=\"{&quot;background_background&quot;:&quot;classic&quot;}\">\n\t\t\t\t\t<div class=\"e-con-inner\">\n\t\t\t\t<div class=\"elementor-element elementor-element-17c5930 elementor-widget elementor-widget-spacer\" data-id=\"17c5930\" data-element_type=\"widget\" data-widget_type=\"spacer.default\">\n\t\t\t\t<div class=\"elementor-widget-container\">\n\t\t\t\t\t\t\t<div class=\"elementor-spacer\">\n\t\t\t<div class=\"elementor-spacer-inner\"><\/div>\n\t\t<\/div>\n\t\t\t\t\t\t<\/div>\n\t\t\t\t<\/div>\n\t\t\t\t<div class=\"elementor-element elementor-element-a487b09 elementor-widget elementor-widget-heading\" data-id=\"a487b09\" data-element_type=\"widget\" data-widget_type=\"heading.default\">\n\t\t\t\t<div class=\"elementor-widget-container\">\n\t\t\t\t\t<h2 class=\"elementor-heading-title elementor-size-default\">\"Andrea Battacchi\"<\/h2>\t\t\t\t<\/div>\n\t\t\t\t<\/div>\n\t\t\t\t<div class=\"elementor-element elementor-element-bd0fcb3 elementor-widget elementor-widget-text-editor\" data-id=\"bd0fcb3\" data-element_type=\"widget\" data-widget_type=\"text-editor.default\">\n\t\t\t\t<div class=\"elementor-widget-container\">\n\t\t\t\t\t\t\t\t\t<p>Tras graduarme en Filosof\u00eda, decid\u00ed profundizar en el mundo del caf\u00e9 a trav\u00e9s de diversos cursos que me permitieron adquirir conocimientos s\u00f3lidos sobre la caffetteria, la profesi\u00f3n de barista specialty y el sector en general.<\/p><p>\u00a0<\/p><p>Mi trayectoria profesional comenz\u00f3 en 2021 en Ditta Artigianale, una de las cafeter\u00edas specialty m\u00e1s reconocidas de Italia. Inici\u00e9 como camarero, lo que me permiti\u00f3 familiarizarme con el trabajo, los clientes y el producto que ofrec\u00edamos. Con el tiempo, me adentr\u00e9 en el mundo de la m\u00e1quina de espresso y asum\u00ed el rol de barista. Paralelamente, continu\u00e9 mi formaci\u00f3n, especializ\u00e1ndome en la preparaci\u00f3n de caf\u00e9 espresso y filtro, as\u00ed como en los procesos de tostado y producci\u00f3n.<\/p><p>\u00a0<\/p><p>En 2021 particip\u00e9 en mi primera competencia, obteniendo el segundo lugar en el Campeonato Italiano de Aeropress. Al a\u00f1o siguiente, acced\u00ed a la final nacional de la Brewers Cup y, en 2023, logr\u00e9 el cuarto puesto en la final.<\/p><p>Gracias al apoyo de Ditta Artigianale, tuve la oportunidad de participar en la Youth Academy, una beca de Nuova Simonelli que me permiti\u00f3 ampliar mis conocimientos y obtener diversas certificaciones SCA. Esta experiencia me puso en contacto con numerosos profesionales del sector. A finales de 2023, decid\u00ed explorar nuevas oportunidades y colabor\u00e9 brevemente con una torrefazione florentina, D612.<\/p><p>\u00a0<\/p><p>Mi pasi\u00f3n por las competiciones continu\u00f3 y en 2024, junto a mi entrenadora y pareja, Caterina, obtuvimos el tercer puesto en la Brewers Cup. Actualmente, trabajo en una librer\u00eda, enoteca y bistr\u00f3 que recientemente ha incorporado el caf\u00e9 specialty a su oferta. Soy responsable de todo lo relacionado con el caf\u00e9 en este nuevo establecimiento.<\/p><p>\u00a0<\/p><p>En 2025, Caterina y yo decidimos participar nuevamente en la Brewers Cup y, con gran satisfacci\u00f3n, logramos el primer puesto.<\/p><p>El futuro en el mundo del caf\u00e9 specialty es prometedor y estoy ansioso por seguir aprendiendo y explorando nuevas posibilidades.<\/p><p>\u00a0<\/p><p>Nos vemos pronto en el Honduras Origin Coffee Fest 2025!<\/p>\t\t\t\t\t\t\t\t<\/div>\n\t\t\t\t<\/div>\n\t\t\t\t<div class=\"elementor-element elementor-element-beaf719 elementor-widget elementor-widget-spacer\" data-id=\"beaf719\" data-element_type=\"widget\" data-widget_type=\"spacer.default\">\n\t\t\t\t<div class=\"elementor-widget-container\">\n\t\t\t\t\t\t\t<div class=\"elementor-spacer\">\n\t\t\t<div class=\"elementor-spacer-inner\"><\/div>\n\t\t<\/div>\n\t\t\t\t\t\t<\/div>\n\t\t\t\t<\/div>\n\t\t\t\t\t<\/div>\n\t\t\t\t<\/div>\n\t\t<div class=\"elementor-element elementor-element-3d1d927 e-flex e-con-boxed e-con e-parent\" data-id=\"3d1d927\" data-element_type=\"container\">\n\t\t\t\t\t<div class=\"e-con-inner\">\n\t\t\t\t<div class=\"elementor-element elementor-element-f8a78eb elementor-widget elementor-widget-spacer\" data-id=\"f8a78eb\" data-element_type=\"widget\" data-widget_type=\"spacer.default\">\n\t\t\t\t<div class=\"elementor-widget-container\">\n\t\t\t\t\t\t\t<div class=\"elementor-spacer\">\n\t\t\t<div class=\"elementor-spacer-inner\"><\/div>\n\t\t<\/div>\n\t\t\t\t\t\t<\/div>\n\t\t\t\t<\/div>\n\t\t\t\t\t<\/div>\n\t\t\t\t<\/div>\n\t\t\t\t<\/div>","protected":false},"excerpt":{"rendered":"<p>CAMPE\u00d3N ITALIANO BREWERS CUP SCA ESTAR\u00c1 EN EL HONDURAS ORIGIN COFFEE FEST 2025 Soy Andrea Battacchi, un joven de 27 a\u00f1os originario de Florencia, Italia. Mi pasi\u00f3n por el caf\u00e9 specialty comenz\u00f3 a los 17 a\u00f1os como consumidor, especialmente del caf\u00e9 de filtro. \u00abAndrea Battacchi\u00bb Tras graduarme en Filosof\u00eda, decid\u00ed profundizar en el mundo del [&hellip;]<\/p>","protected":false},"author":1,"featured_media":0,"parent":0,"menu_order":0,"comment_status":"closed","ping_status":"closed","template":"","meta":{"om_disable_all_campaigns":false,"_uag_custom_page_level_css":"","_monsterinsights_skip_tracking":false,"_monsterinsights_sitenote_active":false,"_monsterinsights_sitenote_note":"","_monsterinsights_sitenote_category":0,"site-sidebar-layout":"no-sidebar","site-content-layout":"page-builder","ast-site-content-layout":"full-width-container","site-content-style":"default","site-sidebar-style":"default","ast-global-header-display":"","ast-banner-title-visibility":"","ast-main-header-display":"","ast-hfb-above-header-display":"","ast-hfb-below-header-display":"","ast-hfb-mobile-header-display":"","site-post-title":"disabled","ast-breadcrumbs-content":"","ast-featured-img":"disabled","footer-sml-layout":"","theme-transparent-header-meta":"","adv-header-id-meta":"","stick-header-meta":"","header-above-stick-meta":"","header-main-stick-meta":"","header-below-stick-meta":"","astra-migrate-meta-layouts":"set","ast-page-background-enabled":"default","ast-page-background-meta":{"desktop":{"background-color":"var(--ast-global-color-4)","background-image":"","background-repeat":"repeat","background-position":"center center","background-size":"auto","background-attachment":"scroll","background-type":"","background-media":"","overlay-type":"","overlay-color":"","overlay-opacity":"","overlay-gradient":""},"tablet":{"background-color":"","background-image":"","background-repeat":"repeat","background-position":"center center","background-size":"auto","background-attachment":"scroll","background-type":"","background-media":"","overlay-type":"","overlay-color":"","overlay-opacity":"","overlay-gradient":""},"mobile":{"background-color":"","background-image":"","background-repeat":"repeat","background-position":"center center","background-size":"auto","background-attachment":"scroll","background-type":"","background-media":"","overlay-type":"","overlay-color":"","overlay-opacity":"","overlay-gradient":""}},"ast-content-background-meta":{"desktop":{"background-color":"var(--ast-global-color-5)","background-image":"","background-repeat":"repeat","background-position":"center center","background-size":"auto","background-attachment":"scroll","background-type":"","background-media":"","overlay-type":"","overlay-color":"","overlay-opacity":"","overlay-gradient":""},"tablet":{"background-color":"var(--ast-global-color-5)","background-image":"","background-repeat":"repeat","background-position":"center center","background-size":"auto","background-attachment":"scroll","background-type":"","background-media":"","overlay-type":"","overlay-color":"","overlay-opacity":"","overlay-gradient":""},"mobile":{"background-color":"var(--ast-global-color-5)","background-image":"","background-repeat":"repeat","background-position":"center center","background-size":"auto","background-attachment":"scroll","background-type":"","background-media":"","overlay-type":"","overlay-color":"","overlay-opacity":"","overlay-gradient":""}},"footnotes":""},"class_list":["post-3996","page","type-page","status-publish","hentry"],"aioseo_notices":[],"uagb_featured_image_src":{"full":false,"thumbnail":false,"medium":false,"medium_large":false,"large":false,"1536x1536":false,"2048x2048":false,"trp-custom-language-flag":false,"woocommerce_thumbnail":false,"woocommerce_single":false,"woocommerce_gallery_thumbnail":false},"uagb_author_info":{"display_name":"irvindavidmarquz@gmail.com","author_link":"https:\/\/origincoffeehn.com\/en\/author\/irvindavidmarquzgmail-com\/"},"uagb_comment_info":0,"uagb_excerpt":"CAMPE\u00d3N ITALIANO BREWERS CUP SCA ESTAR\u00c1 EN EL HONDURAS ORIGIN COFFEE FEST 2025 Soy Andrea Battacchi, un joven de 27 a\u00f1os originario de Florencia, Italia. Mi pasi\u00f3n por el caf\u00e9 specialty comenz\u00f3 a los 17 a\u00f1os como consumidor, especialmente del caf\u00e9 de filtro. \u00abAndrea Battacchi\u00bb Tras graduarme en Filosof\u00eda, decid\u00ed profundizar en el mundo del&hellip;","_links":{"self":[{"href":"https:\/\/origincoffeehn.com\/en\/wp-json\/wp\/v2\/pages\/3996","targetHints":{"allow":["GET"]}}],"collection":[{"href":"https:\/\/origincoffeehn.com\/en\/wp-json\/wp\/v2\/pages"}],"about":[{"href":"https:\/\/origincoffeehn.com\/en\/wp-json\/wp\/v2\/types\/page"}],"author":[{"embeddable":true,"href":"https:\/\/origincoffeehn.com\/en\/wp-json\/wp\/v2\/users\/1"}],"replies":[{"embeddable":true,"href":"https:\/\/origincoffeehn.com\/en\/wp-json\/wp\/v2\/comments?post=3996"}],"version-history":[{"count":8,"href":"https:\/\/origincoffeehn.com\/en\/wp-json\/wp\/v2\/pages\/3996\/revisions"}],"predecessor-version":[{"id":4021,"href":"https:\/\/origincoffeehn.com\/en\/wp-json\/wp\/v2\/pages\/3996\/revisions\/4021"}],"wp:attachment":[{"href":"https:\/\/origincoffeehn.com\/en\/wp-json\/wp\/v2\/media?parent=3996"}],"curies":[{"name":"wp","href":"https:\/\/api.w.org\/{rel}","templated":true}]}}